{"id":2,"date":"2023-10-18T20:30:32","date_gmt":"2023-10-18T18:30:32","guid":{"rendered":"http:\/\/setibzhlan.pfzone.net\/?page_id=2"},"modified":"2023-10-24T13:40:53","modified_gmt":"2023-10-24T11:40:53","slug":"page-d-exemple","status":"publish","type":"page","link":"https:\/\/setibzhlan.pfzone.net\/","title":{"rendered":"Lan les 24-25-26 novembre 2023"},"content":{"rendered":"\n<p>Apr\u00e8s les BZHLaN, les Lan@Naoned, le DeconfiLaN voici venir le temps du SetiBZHLaN !<\/p>\n\n\n\n<p>Premi\u00e8re \u00e9dition le <strong>we du 24-25-26 novembre 2023<\/strong> :<\/p>\n\n\n\n<p>O\u00f9 ? Le <a href=\"https:\/\/www.lademeuredupont.fr\">G\u00eete  de La Demeure du Pont<\/a>, \u00e0 30 kms au Sud de Rennes.<br>Adresse :  Le Pont Benet, 35320 La Coudi\u00e8re<\/p>\n\n\n\n<p>\u00c7a commence le vendredi apr\u00e8s-midi (pour ceux qui voudront donner un coup de main), et \u00e7a finira le dimanche en fin d&rsquo;apr\u00e8s-midi<\/p>\n\n\n\n<p>Il y a une douzaine de lits, premier arriv\u00e9 premier servi.<\/p>\n\n\n\n<p>Et on aura un acc\u00e8s internet Fibre<\/p>\n\n\n\n<p>C\u00f4t\u00e9 tarif, \u00e7a d\u00e9pendra du nombre d&rsquo;inscrits (le gite est lou\u00e9 1150 \u20ac)<\/p>\n\n\n\n<p>Inscrivez-vous : cliquez ici (bient\u00f4t)<\/p>\n\n\n\n<p><\/p>\n\n\n\n<p><\/p>\n\n\n\n<p><\/p>\n","protected":false},"excerpt":{"rendered":"<p>Apr\u00e8s les BZHLaN, les Lan@Naoned, le DeconfiLaN voici venir le temps du SetiBZHLaN ! Premi\u00e8re \u00e9dition le we du 24-25-26 novembre 2023 : O\u00f9 ? Le G\u00eete de La Demeure [&hellip;]<\/p>\n","protected":false},"author":1,"featured_media":0,"parent":0,"menu_order":0,"comment_status":"closed","ping_status":"open","template":"","meta":{"_price":"","_stock":"","_tribe_ticket_header":"","_tribe_default_ticket_provider":"","_tribe_ticket_capacity":"0","_ticket_start_date":"","_ticket_end_date":"","_tribe_ticket_show_description":"","_tribe_ticket_show_not_going":false,"_tribe_ticket_use_global_stock":"","_tribe_ticket_global_stock_level":"","_global_stock_mode":"","_global_stock_cap":"","_tribe_rsvp_for_event":"","_tribe_ticket_going_count":"","_tribe_ticket_not_going_count":"","_tribe_tickets_list":"[]","_tribe_ticket_has_attendee_info_fields":false,"_EventAllDay":false,"_EventTimezone":"","_EventStartDate":"","_EventEndDate":"","_EventStartDateUTC":"","_EventEndDateUTC":"","_EventShowMap":false,"_EventShowMapLink":false,"_EventURL":"","_EventCost":"","_EventCostDescription":"","_EventCurrencySymbol":"","_EventCurrencyCode":"","_EventCurrencyPosition":"","_EventDateTimeSeparator":"","_EventTimeRangeSeparator":"","_EventOrganizerID":[],"_EventVenueID":[],"_OrganizerEmail":"","_OrganizerPhone":"","_OrganizerWebsite":"","_VenueAddress":"","_VenueCity":"","_VenueCountry":"","_VenueProvince":"","_VenueState":"","_VenueZip":"","_VenuePhone":"","_VenueURL":"","_VenueStateProvince":"","_VenueLat":"","_VenueLng":"","_VenueShowMap":false,"_VenueShowMapLink":false,"footnotes":"","_tec_slr_enabled":"","_tec_slr_layout":""},"class_list":["post-2","page","type-page","status-publish","hentry"],"ticketed":false,"_links":{"self":[{"href":"https:\/\/setibzhlan.pfzone.net\/index.php\/wp-json\/wp\/v2\/pages\/2","targetHints":{"allow":["GET"]}}],"collection":[{"href":"https:\/\/setibzhlan.pfzone.net\/index.php\/wp-json\/wp\/v2\/pages"}],"about":[{"href":"https:\/\/setibzhlan.pfzone.net\/index.php\/wp-json\/wp\/v2\/types\/page"}],"author":[{"embeddable":true,"href":"https:\/\/setibzhlan.pfzone.net\/index.php\/wp-json\/wp\/v2\/users\/1"}],"replies":[{"embeddable":true,"href":"https:\/\/setibzhlan.pfzone.net\/index.php\/wp-json\/wp\/v2\/comments?post=2"}],"version-history":[{"count":2,"href":"https:\/\/setibzhlan.pfzone.net\/index.php\/wp-json\/wp\/v2\/pages\/2\/revisions"}],"predecessor-version":[{"id":11,"href":"https:\/\/setibzhlan.pfzone.net\/index.php\/wp-json\/wp\/v2\/pages\/2\/revisions\/11"}],"wp:attachment":[{"href":"https:\/\/setibzhlan.pfzone.net\/index.php\/wp-json\/wp\/v2\/media?parent=2"}],"curies":[{"name":"wp","href":"https:\/\/api.w.org\/{rel}","templated":true}]}}